{"id":36,"date":"2024-11-11T07:21:45","date_gmt":"2024-11-11T07:21:45","guid":{"rendered":"https:\/\/www.xlinetr.com\/?page_id=36"},"modified":"2025-08-19T18:30:38","modified_gmt":"2025-08-19T15:30:38","slug":"hakkimizda","status":"publish","type":"page","link":"https:\/\/www.xlinetr.com\/en\/hakkimizda\/","title":{"rendered":"About us"},"content":{"rendered":"<div data-elementor-type=\"wp-page\" data-elementor-id=\"36\" class=\"elementor elementor-36\" data-elementor-post-type=\"page\">\n\t\t\t\t<div class=\"elementor-element elementor-element-7b2048a e-flex e-con-boxed e-con e-parent\" data-id=\"7b2048a\" data-element_type=\"container\">\n\t\t\t\t\t<div class=\"e-con-inner\">\n\t\t\t\t<div class=\"elementor-element elementor-element-8cec496 elementor-align-center elementor-widget elementor-widget-wdt-logo\" data-id=\"8cec496\" data-element_type=\"widget\" data-settings=\"{&quot;wdt_animation_effect&quot;:&quot;none&quot;}\" data-widget_type=\"wdt-logo.default\">\n\t\t\t\t<div class=\"elementor-widget-container\">\n\t\t\t\t\t<div id=\"carvan-8cec496\" class=\"wdt-logo-container\">  <a href=\"https:\/\/www.xlinetr.com\/en\/\" rel=\"home\"><img decoding=\"async\" src=\"https:\/\/www.xlinetr.com\/wp-content\/uploads\/2025\/04\/cropped-logo-1-1.png\" alt=\"XLINE TR\" width=\"300\" height=\"89\" \/><\/a><\/div>\t\t\t\t<\/div>\n\t\t\t\t<\/div>\n\t\t\t\t<div class=\"elementor-element elementor-element-97e28a4 elementor-widget elementor-widget-text-editor\" data-id=\"97e28a4\" data-element_type=\"widget\" data-settings=\"{&quot;wdt_animation_effect&quot;:&quot;none&quot;}\" data-widget_type=\"text-editor.default\">\n\t\t\t\t<div class=\"elementor-widget-container\">\n\t\t\t\t\t\t\t\t\t<p>XL\u0130NE is a leading brand in the production of pick-up canopies, fullboxes, and tonneau covers, combining quality, durability, and innovation. Every product we manufacture reflects our modern design approach and meticulous production standards.<\/p><p>Our strategically located facility in Adana, just 60 km from Mersin Port, ensures fast and reliable access to both national and international markets. With our skilled engineering team, high-tech production lines, and T\u00dcV along with <strong>ISO 9001, ISO 14001, OHSAS 18001 and TSE<\/strong> ile <strong>certifications,<\/strong>, we guarantee products that meet the highest international standards.<\/p><p>At XL\u0130NE, we do not just build durable products, we create smart solutions that enhance the user experience. Our production philosophy blends design, functionality and longevity, making our brand a preferred choice for both business partners and end-users worldwide.\n\nXLINE. Where Engineering Meets Adventure.<\/p>\t\t\t\t\t\t\t\t<\/div>\n\t\t\t\t<\/div>\n\t\t\t\t\t<\/div>\n\t\t\t\t<\/div>\n\t\t\t\t<\/div>","protected":false},"excerpt":{"rendered":"<p>XLINE, pick-up kabinleri, fullbox ve bagaj kapaklar\u0131 \u00fcretiminde kalite, dayan\u0131kl\u0131l\u0131k ve yenilik\u00e7ili\u011fi bir araya getiren sekt\u00f6r\u00fcn \u00f6nc\u00fc markalar\u0131ndan biridir. Her \u00fcr\u00fcn\u00fcm\u00fcz, modern tasar\u0131m anlay\u0131\u015f\u0131m\u0131z ve titiz \u00fcretim standartlar\u0131m\u0131z\u0131n bir yans\u0131mas\u0131d\u0131r. Adana\u2019daki stratejik konumlu tesisimiz, Mersin Liman\u0131\u2019na yaln\u0131zca 60 km mesafede yer almakta olup, ulusal ve uluslararas\u0131 pazarlara h\u0131zl\u0131 ve g\u00fcvenilir eri\u015fim sa\u011flamaktad\u0131r. G\u00fc\u00e7l\u00fc m\u00fchendislik ekibimiz, [&hellip;]<\/p>","protected":false},"author":1,"featured_media":0,"parent":0,"menu_order":0,"comment_status":"closed","ping_status":"closed","template":"elementor_header_footer","meta":{"footnotes":""},"class_list":["post-36","page","type-page","status-publish","hentry"],"_links":{"self":[{"href":"https:\/\/www.xlinetr.com\/en\/wp-json\/wp\/v2\/pages\/36","targetHints":{"allow":["GET"]}}],"collection":[{"href":"https:\/\/www.xlinetr.com\/en\/wp-json\/wp\/v2\/pages"}],"about":[{"href":"https:\/\/www.xlinetr.com\/en\/wp-json\/wp\/v2\/types\/page"}],"author":[{"embeddable":true,"href":"https:\/\/www.xlinetr.com\/en\/wp-json\/wp\/v2\/users\/1"}],"replies":[{"embeddable":true,"href":"https:\/\/www.xlinetr.com\/en\/wp-json\/wp\/v2\/comments?post=36"}],"version-history":[{"count":8,"href":"https:\/\/www.xlinetr.com\/en\/wp-json\/wp\/v2\/pages\/36\/revisions"}],"predecessor-version":[{"id":2856,"href":"https:\/\/www.xlinetr.com\/en\/wp-json\/wp\/v2\/pages\/36\/revisions\/2856"}],"wp:attachment":[{"href":"https:\/\/www.xlinetr.com\/en\/wp-json\/wp\/v2\/media?parent=36"}],"curies":[{"name":"wp","href":"https:\/\/api.w.org\/{rel}","templated":true}]}}