{"id":2600,"date":"2025-06-14T23:54:55","date_gmt":"2025-06-14T20:54:55","guid":{"rendered":"https:\/\/www.xlinetr.com\/product\/toyota-hilux-commercial-canopy-2015-2022\/"},"modified":"2025-06-15T16:25:25","modified_gmt":"2025-06-15T13:25:25","slug":"toyota-hilux-commercial-canopy-2015-2022","status":"publish","type":"product","link":"https:\/\/www.xlinetr.com\/en\/product\/toyota-hilux-commercial-canopy-2015-2022\/","title":{"rendered":"Toyota Hilux Commercial Canopy 2015-2022"},"content":{"rendered":"<p>2015 \u2013 2022 YILLARI ARASI UYUMLU<br \/>\nG\u00fc\u00e7lendirilmi\u015f Fiberglas ile \u00fcretilmi\u015ftir<br \/>\nKabin a\u011f\u0131rl\u0131\u011f\u0131 60 kg \/ Kabin \u00f6l\u00e7\u00fcs\u00fc 160&#215;160<br \/>\nArac\u0131n\u0131z \u0130le Birebir Uyumlu Renk Kodlar\u0131<br \/>\nLed Fren Lambas\u0131<br \/>\nG\u00fc\u00e7l\u00fc Kilit Sistemi<\/p>","protected":false},"excerpt":{"rendered":"<p>2015 \u2013 2022 YILLARI ARASI UYUMLU<br \/>\nG\u00fc\u00e7lendirilmi\u015f Fiberglas ile \u00fcretilmi\u015ftir<br \/>\nKabin a\u011f\u0131rl\u0131\u011f\u0131 60 kg \/ Kabin \u00f6l\u00e7\u00fcs\u00fc 160&#215;160<br \/>\nArac\u0131n\u0131z \u0130le Birebir Uyumlu Renk Kodlar\u0131<br \/>\nLed Fren Lambas\u0131<br \/>\nG\u00fc\u00e7l\u00fc Kilit Sistemi<\/p>","protected":false},"featured_media":2601,"comment_status":"closed","ping_status":"open","template":"","meta":[],"product_brand":[],"product_cat":[173],"product_tag":[],"class_list":{"0":"post-2600","1":"product","2":"type-product","3":"status-publish","4":"has-post-thumbnail","6":"product_cat-toyota","9":"instock","10":"purchasable","11":"product-type-simple","12":"product-grid-view"},"_links":{"self":[{"href":"https:\/\/www.xlinetr.com\/en\/wp-json\/wp\/v2\/product\/2600","targetHints":{"allow":["GET"]}}],"collection":[{"href":"https:\/\/www.xlinetr.com\/en\/wp-json\/wp\/v2\/product"}],"about":[{"href":"https:\/\/www.xlinetr.com\/en\/wp-json\/wp\/v2\/types\/product"}],"replies":[{"embeddable":true,"href":"https:\/\/www.xlinetr.com\/en\/wp-json\/wp\/v2\/comments?post=2600"}],"wp:featuredmedia":[{"embeddable":true,"href":"https:\/\/www.xlinetr.com\/en\/wp-json\/wp\/v2\/media\/2601"}],"wp:attachment":[{"href":"https:\/\/www.xlinetr.com\/en\/wp-json\/wp\/v2\/media?parent=2600"}],"wp:term":[{"taxonomy":"product_brand","embeddable":true,"href":"https:\/\/www.xlinetr.com\/en\/wp-json\/wp\/v2\/product_brand?post=2600"},{"taxonomy":"product_cat","embeddable":true,"href":"https:\/\/www.xlinetr.com\/en\/wp-json\/wp\/v2\/product_cat?post=2600"},{"taxonomy":"product_tag","embeddable":true,"href":"https:\/\/www.xlinetr.com\/en\/wp-json\/wp\/v2\/product_tag?post=2600"}],"curies":[{"name":"wp","href":"https:\/\/api.w.org\/{rel}","templated":true}]}}