{"id":2609,"date":"2025-06-14T23:54:55","date_gmt":"2025-06-14T20:54:55","guid":{"rendered":"https:\/\/www.xlinetr.com\/product\/ssangyong-musso-grand-new-design-fixed-glass\/"},"modified":"2025-08-28T18:53:13","modified_gmt":"2025-08-28T15:53:13","slug":"ssangyong-musso-grand-new-design-fixed-glass","status":"publish","type":"product","link":"https:\/\/www.xlinetr.com\/en\/product\/ssangyong-musso-grand-new-design-fixed-glass\/","title":{"rendered":"Ssangyong Musso Grand New Design Fixed Glass"},"content":{"rendered":"<p>2020 \u2013 2023 YILLARI ARASI UYUMLU<br \/>\nG\u00fc\u00e7lendirilmi\u015f Fiberglas ile \u00fcretilmi\u015ftir<br \/>\nKabin a\u011f\u0131rl\u0131\u011f\u0131 60 kg \/ Kabin \u00f6l\u00e7\u00fcs\u00fc 160&#215;160<br \/>\nArac\u0131n\u0131z \u0130le Birebir Uyumlu Renk Kodlar\u0131<br \/>\nLed Fren Lambas\u0131<br \/>\nG\u00fc\u00e7l\u00fc Kilit Sistemi<\/p>","protected":false},"excerpt":{"rendered":"<p>2020 \u2013 2023 YILLARI ARASI UYUMLU<br \/>\nG\u00fc\u00e7lendirilmi\u015f Fiberglas ile \u00fcretilmi\u015ftir<br \/>\nKabin a\u011f\u0131rl\u0131\u011f\u0131 60 kg \/ Kabin \u00f6l\u00e7\u00fcs\u00fc 160&#215;160<br \/>\nArac\u0131n\u0131z \u0130le Birebir Uyumlu Renk Kodlar\u0131<br \/>\nLed Fren Lambas\u0131<br \/>\nG\u00fc\u00e7l\u00fc Kilit Sistemi<\/p>","protected":false},"featured_media":2921,"comment_status":"closed","ping_status":"closed","template":"","meta":[],"product_brand":[],"product_cat":[175],"product_tag":[],"class_list":{"0":"post-2609","1":"product","2":"type-product","3":"status-publish","4":"has-post-thumbnail","6":"product_cat-ssangyong","9":"instock","10":"purchasable","11":"product-type-simple","12":"product-grid-view"},"_links":{"self":[{"href":"https:\/\/www.xlinetr.com\/en\/wp-json\/wp\/v2\/product\/2609","targetHints":{"allow":["GET"]}}],"collection":[{"href":"https:\/\/www.xlinetr.com\/en\/wp-json\/wp\/v2\/product"}],"about":[{"href":"https:\/\/www.xlinetr.com\/en\/wp-json\/wp\/v2\/types\/product"}],"replies":[{"embeddable":true,"href":"https:\/\/www.xlinetr.com\/en\/wp-json\/wp\/v2\/comments?post=2609"}],"wp:featuredmedia":[{"embeddable":true,"href":"https:\/\/www.xlinetr.com\/en\/wp-json\/wp\/v2\/media\/2921"}],"wp:attachment":[{"href":"https:\/\/www.xlinetr.com\/en\/wp-json\/wp\/v2\/media?parent=2609"}],"wp:term":[{"taxonomy":"product_brand","embeddable":true,"href":"https:\/\/www.xlinetr.com\/en\/wp-json\/wp\/v2\/product_brand?post=2609"},{"taxonomy":"product_cat","embeddable":true,"href":"https:\/\/www.xlinetr.com\/en\/wp-json\/wp\/v2\/product_cat?post=2609"},{"taxonomy":"product_tag","embeddable":true,"href":"https:\/\/www.xlinetr.com\/en\/wp-json\/wp\/v2\/product_tag?post=2609"}],"curies":[{"name":"wp","href":"https:\/\/api.w.org\/{rel}","templated":true}]}}